{"id":308,"date":"2019-06-01T11:34:55","date_gmt":"2019-06-01T08:34:55","guid":{"rendered":"http:\/\/mixtum.myasustor.com\/dev\/espoontaidelainaamo.fi?page_id=308"},"modified":"2020-02-12T16:52:24","modified_gmt":"2020-02-12T14:52:24","slug":"privacy-policy","status":"publish","type":"page","link":"https:\/\/espoontaidelainaamo.fi\/en\/privacy-policy\/","title":{"rendered":"Privacy Policy"},"content":{"rendered":"\n<p><strong>Rekisteriseloste<br> HENKIL\u00d6TIETOLAIN (523\/99) 10 \u00a7:N MUKAINEN REKISTERISELOSTE <\/strong><\/p>\n\n\n\n<p><strong>1 Rekisterin nimi <\/strong><br> Espoon kuvataiteilijat ry:n asiakasrekisteri <br><br> <strong>2 Rekisterinpit\u00e4j\u00e4&nbsp;<\/strong><br> Espoon kuvataiteilijat ry, y-tunnus 0216892-3 <br> Kauppakeskus Sello, Lepp\u00e4vaarankatu 3-9, 02600 Espoo <br> toimisto(at)espoonkuvataiteilijat.fi, 050 322 8855 <br> <br><strong>3 Rekisteriasioita hoitava henkil\u00f6&nbsp;<\/strong><br> J\u00e4rjest\u00f6sihteeri Hanna Nyman, hanna(at)espoonkuvataiteilijat.fi, 050\u202f322 8855. <br><br><strong> 4 Henkil\u00f6tietojen k\u00e4sittelyn tarkoitus&nbsp;<\/strong><br> T\u00e4m\u00e4n henkil\u00f6tietorekisterin p\u00e4\u00e4asiallinen tarkoitus on toimia Espoon kuvataiteilijat ry:n, Galleria Aarnin ja Espoon taidelainaamon asiakasrekisterin\u00e4. Henkil\u00f6tietoja k\u00e4sitell\u00e4\u00e4n asiakassuhteen hoitamiseksi, Espoon kuvataiteilijat ry:n palvelujen ja toiminnan kehitt\u00e4miseen. <br><br> <strong>5 Rekisterin tietosis\u00e4lt\u00f6<\/strong><br> Espoon kuvataiteilijoiden asiakasrekisteri sis\u00e4lt\u00e4\u00e4 seuraavia tietoja: <br> Nimi<br> Syntym\u00e4aika \/ sosiaaliturvatunnus<br> Yhteystiedot: osoite, puhelinnumero, s\u00e4hk\u00f6postiosoite<br> Pankkiyhteystiedot<br> Tiedot asiakkaan tilaamista palveluista ja tuotteista<br> Tieto markkinointiviestien tilauksista<\/p>\n\n\n\n<p><strong>6 S\u00e4\u00e4nn\u00f6nmukaiset tietol\u00e4hteet ja tietojen s\u00e4ilytt\u00e4minen<\/strong><br> Rekisterin tiedot kertyv\u00e4t:  Rekister\u00f6idylt\u00e4 itselt\u00e4\u00e4n <\/p>\n\n\n\n<p>Tietoja ker\u00e4t\u00e4\u00e4n Espoon kuvataiteilijat ry:n palvelujen ja tuotteiden tilaamisen ja ostamisen yhteydess\u00e4 verkkosivujen lomakkeissa, Taidelainaamon lainaussopimuksissa, v\u00e4lityssopimuksissa ja luovutussopimuksissa sek\u00e4 Galleria Aarnin n\u00e4yttelysopimuksissa ja ostosopimuksissa sek\u00e4 asiakkuuden hoitamisen yhteydess\u00e4. Tietoja s\u00e4ilytet\u00e4\u00e4n kirjanpitolain mukaisesti kuusi vuotta.<br><br> <strong>7 Tietojen s\u00e4\u00e4nn\u00f6nmukaiset luovutukset<\/strong> &nbsp;<br> Asiakkuussuhteen ja laskutuksen hoitamiseksi tietoja luovutetaan yhdistyksen kirjanpidosta vastaavalle Taloushallinta Uniikille ja laskutusj\u00e4rjestelm\u00e4n yll\u00e4pit\u00e4j\u00e4 Gruppo Software Oy:n j\u00e4rjestelm\u00e4\u00e4n.<br><br> <strong>8 Tietojen siirto EU:n ja ETA:n ulkopuolelle&nbsp;<\/strong><br> Henkil\u00f6tietoja voidaan siirt\u00e4\u00e4 Euroopan unionin tai Euroopan talousalueen ulkopuolelle henkil\u00f6tietolain 22 \u00a7:n &#8211; 23 \u00a7:n nojalla esimerkiksi palvelujen ja viestinn\u00e4n teknisen toteuttamisen sit\u00e4 edellytt\u00e4ess\u00e4. <br><br><strong> 9 Rekisterin suojaus&nbsp;<\/strong><br> Rekisteri on ATK-muodossa ja manuaalisessa muodossa. Rekisteriin on k\u00e4ytt\u00f6oikeus vain niill\u00e4 rekisterinpit\u00e4j\u00e4n palveluksessa olevilla ja muilla m\u00e4\u00e4ritellyill\u00e4 henkil\u00f6ill\u00e4, jotka tarvitsevat tietoja teht\u00e4viss\u00e4\u00e4n. Heill\u00e4 on k\u00e4yt\u00f6ss\u00e4\u00e4n k\u00e4ytt\u00e4j\u00e4tunnukset ja salasanat. Tiedot on suojattu palomuurilla ja muilla teknisill\u00e4 keinoilla.<br> Manuaalinen rekisteri s\u00e4ilytet\u00e4\u00e4n valvotuissa tiloissa.<br><br><strong> 10 Tarkastusoikeus ja kielto-oikeus <\/strong><br> Rekisteriss\u00e4 olevalla henkil\u00f6ll\u00e4 on oikeus tarkistaa tietonsa, sek\u00e4 oikeus tietojen korjaamiseen ja poistamiseen. K\u00e4ytt\u00e4j\u00e4ll\u00e4 on oikeus tietojen k\u00e4sittelyn rajoittamiseen ja k\u00e4sittelyn vastustamiseen. K\u00e4ytt\u00e4j\u00e4ll\u00e4 on my\u00f6s oikeus kielt\u00e4\u00e4 suoramarkkinointi ja oikeus peruuttaa suostumus. K\u00e4ytt\u00e4j\u00e4 voi pyyt\u00e4\u00e4 profilointikieltoa, jolloin h\u00e4nen tietojaan ei voi k\u00e4ytt\u00e4\u00e4 suoramarkkinoinnin ja mainonnan kohdentamiseen. <\/p>\n\n\n\n<p>Mik\u00e4li henkil\u00f6 haluaa tarkistaa tallennetut tietonsa, tai vaatia niihin t\u00e4ydennyst\u00e4\/korjausta tai pyyt\u00e4\u00e4 tietojensa poistamista rekisterist\u00e4, pyynn\u00f6t tulee toimittaa kirjallisesti rekisterinpit\u00e4j\u00e4lle.<br><br><strong> 11 Oikeus tehd\u00e4 valitus valvontaviranomaiselle<\/strong><br> K\u00e4ytt\u00e4j\u00e4ll\u00e4 on oikeus tehd\u00e4 valitus tietosuojaviranomaiselle, mik\u00e4li k\u00e4ytt\u00e4j\u00e4 katsoo, ett\u00e4 h\u00e4nen henkil\u00f6tietojaan on k\u00e4sitelty voimassa olevan lains\u00e4\u00e4d\u00e4nn\u00f6n vastaisesti. <br><br> Tietosuojaviranomaisen yhteystiedot:<br> Tietosuojavaltuutetun toimisto<br> k\u00e4yntiosoite: Ratapihantie 9, 6. krs, 00520 Helsinki<br> postiosoite: PL 800, 00521 Helsinki<br> s\u00e4hk\u00f6posti: tietosuoja@om.fi<br> puhelin: 029 56 66 700<br><br><strong> 12 Muutokset rekisteriselosteeseen<\/strong><br> Voimme ajoittain muuttaa t\u00e4t\u00e4 rekisteriselostetta. Muutokset voivat perustua my\u00f6s tietosuojalains\u00e4\u00e4s\u00e4\u00e4d\u00e4nn\u00f6n muuttumiseen. Muutoksista ilmoitamme Palveluissamme ja\/tai k\u00e4ytt\u00e4j\u00e4lt\u00e4 saatuun s\u00e4hk\u00f6postiosoitteeseen<br><br> 12.2.2020<\/p>\n","protected":false},"excerpt":{"rendered":"<p>Rekisteriseloste HENKIL\u00d6TIETOLAIN (523\/99) 10 \u00a7:N MUKAINEN REKISTERISELOSTE 1 Rekisterin nimi Espoon kuvataiteilijat ry:n asiakasrekisteri 2 Rekisterinpit\u00e4j\u00e4&nbsp; Espoon kuvataiteilijat ry, y-tunnus 0216892-3 Kauppakeskus Sello, Lepp\u00e4vaarankatu 3-9, 02600 Espoo toimisto(at)espoonkuvataiteilijat.fi, 050 322 8855 3 Rekisteriasioita hoitava henkil\u00f6&nbsp; J\u00e4rjest\u00f6sihteeri Hanna Nyman, hanna(at)espoonkuvataiteilijat.fi, 050\u202f322 8855. 4 Henkil\u00f6tietojen k\u00e4sittelyn tarkoitus&nbsp; T\u00e4m\u00e4n henkil\u00f6tietorekisterin p\u00e4\u00e4asiallinen tarkoitus on toimia Espoon kuvataiteilijat ry:n, Galleria [&hellip;]<\/p>\n","protected":false},"author":2,"featured_media":0,"parent":0,"menu_order":0,"comment_status":"closed","ping_status":"open","template":"","meta":{"_acf_changed":false,"footnotes":""},"class_list":["post-308","page","type-page","status-publish","hentry"],"acf":[],"yoast_head":"<!-- This site is optimized with the Yoast SEO plugin v27.4 - https:\/\/yoast.com\/product\/yoast-seo-wordpress\/ -->\n<title>Privacy Policy - Espoon Taidelainaamo<\/title>\n<meta name=\"robots\" content=\"index, follow, max-snippet:-1, max-image-preview:large, max-video-preview:-1\" \/>\n<link rel=\"canonical\" href=\"https:\/\/espoontaidelainaamo.fi\/en\/privacy-policy\/\" \/>\n<meta property=\"og:locale\" content=\"en_US\" \/>\n<meta property=\"og:type\" content=\"article\" \/>\n<meta property=\"og:title\" content=\"Privacy Policy - Espoon Taidelainaamo\" \/>\n<meta property=\"og:description\" content=\"Rekisteriseloste HENKIL\u00d6TIETOLAIN (523\/99) 10 \u00a7:N MUKAINEN REKISTERISELOSTE 1 Rekisterin nimi Espoon kuvataiteilijat ry:n asiakasrekisteri 2 Rekisterinpit\u00e4j\u00e4&nbsp; Espoon kuvataiteilijat ry, y-tunnus 0216892-3 Kauppakeskus Sello, Lepp\u00e4vaarankatu 3-9, 02600 Espoo toimisto(at)espoonkuvataiteilijat.fi, 050 322 8855 3 Rekisteriasioita hoitava henkil\u00f6&nbsp; J\u00e4rjest\u00f6sihteeri Hanna Nyman, hanna(at)espoonkuvataiteilijat.fi, 050\u202f322 8855. 4 Henkil\u00f6tietojen k\u00e4sittelyn tarkoitus&nbsp; T\u00e4m\u00e4n henkil\u00f6tietorekisterin p\u00e4\u00e4asiallinen tarkoitus on toimia Espoon kuvataiteilijat ry:n, Galleria [&hellip;]\" \/>\n<meta property=\"og:url\" content=\"https:\/\/espoontaidelainaamo.fi\/en\/privacy-policy\/\" \/>\n<meta property=\"og:site_name\" content=\"Espoon Taidelainaamo\" \/>\n<meta property=\"article:modified_time\" content=\"2020-02-12T14:52:24+00:00\" \/>\n<meta name=\"twitter:card\" content=\"summary_large_image\" \/>\n<meta name=\"twitter:label1\" content=\"Est. reading time\" \/>\n\t<meta name=\"twitter:data1\" content=\"2 minutes\" \/>\n<script type=\"application\/ld+json\" class=\"yoast-schema-graph\">{\"@context\":\"https:\\\/\\\/schema.org\",\"@graph\":[{\"@type\":\"WebPage\",\"@id\":\"https:\\\/\\\/espoontaidelainaamo.fi\\\/en\\\/privacy-policy\\\/\",\"url\":\"https:\\\/\\\/espoontaidelainaamo.fi\\\/en\\\/privacy-policy\\\/\",\"name\":\"Privacy Policy - Espoon Taidelainaamo\",\"isPartOf\":{\"@id\":\"https:\\\/\\\/espoontaidelainaamo.fi\\\/#website\"},\"datePublished\":\"2019-06-01T08:34:55+00:00\",\"dateModified\":\"2020-02-12T14:52:24+00:00\",\"breadcrumb\":{\"@id\":\"https:\\\/\\\/espoontaidelainaamo.fi\\\/en\\\/privacy-policy\\\/#breadcrumb\"},\"inLanguage\":\"en-US\",\"potentialAction\":[{\"@type\":\"ReadAction\",\"target\":[\"https:\\\/\\\/espoontaidelainaamo.fi\\\/en\\\/privacy-policy\\\/\"]}]},{\"@type\":\"BreadcrumbList\",\"@id\":\"https:\\\/\\\/espoontaidelainaamo.fi\\\/en\\\/privacy-policy\\\/#breadcrumb\",\"itemListElement\":[{\"@type\":\"ListItem\",\"position\":1,\"name\":\"Home\",\"item\":\"https:\\\/\\\/espoontaidelainaamo.fi\\\/en\\\/\"},{\"@type\":\"ListItem\",\"position\":2,\"name\":\"Privacy Policy\"}]},{\"@type\":\"WebSite\",\"@id\":\"https:\\\/\\\/espoontaidelainaamo.fi\\\/#website\",\"url\":\"https:\\\/\\\/espoontaidelainaamo.fi\\\/\",\"name\":\"Espoon Taidelainaamo\",\"description\":\"\",\"potentialAction\":[{\"@type\":\"SearchAction\",\"target\":{\"@type\":\"EntryPoint\",\"urlTemplate\":\"https:\\\/\\\/espoontaidelainaamo.fi\\\/?s={search_term_string}\"},\"query-input\":{\"@type\":\"PropertyValueSpecification\",\"valueRequired\":true,\"valueName\":\"search_term_string\"}}],\"inLanguage\":\"en-US\"}]}<\/script>\n<!-- \/ Yoast SEO plugin. -->","yoast_head_json":{"title":"Privacy Policy - Espoon Taidelainaamo","robots":{"index":"index","follow":"follow","max-snippet":"max-snippet:-1","max-image-preview":"max-image-preview:large","max-video-preview":"max-video-preview:-1"},"canonical":"https:\/\/espoontaidelainaamo.fi\/en\/privacy-policy\/","og_locale":"en_US","og_type":"article","og_title":"Privacy Policy - Espoon Taidelainaamo","og_description":"Rekisteriseloste HENKIL\u00d6TIETOLAIN (523\/99) 10 \u00a7:N MUKAINEN REKISTERISELOSTE 1 Rekisterin nimi Espoon kuvataiteilijat ry:n asiakasrekisteri 2 Rekisterinpit\u00e4j\u00e4&nbsp; Espoon kuvataiteilijat ry, y-tunnus 0216892-3 Kauppakeskus Sello, Lepp\u00e4vaarankatu 3-9, 02600 Espoo toimisto(at)espoonkuvataiteilijat.fi, 050 322 8855 3 Rekisteriasioita hoitava henkil\u00f6&nbsp; J\u00e4rjest\u00f6sihteeri Hanna Nyman, hanna(at)espoonkuvataiteilijat.fi, 050\u202f322 8855. 4 Henkil\u00f6tietojen k\u00e4sittelyn tarkoitus&nbsp; T\u00e4m\u00e4n henkil\u00f6tietorekisterin p\u00e4\u00e4asiallinen tarkoitus on toimia Espoon kuvataiteilijat ry:n, Galleria [&hellip;]","og_url":"https:\/\/espoontaidelainaamo.fi\/en\/privacy-policy\/","og_site_name":"Espoon Taidelainaamo","article_modified_time":"2020-02-12T14:52:24+00:00","twitter_card":"summary_large_image","twitter_misc":{"Est. reading time":"2 minutes"},"schema":{"@context":"https:\/\/schema.org","@graph":[{"@type":"WebPage","@id":"https:\/\/espoontaidelainaamo.fi\/en\/privacy-policy\/","url":"https:\/\/espoontaidelainaamo.fi\/en\/privacy-policy\/","name":"Privacy Policy - Espoon Taidelainaamo","isPartOf":{"@id":"https:\/\/espoontaidelainaamo.fi\/#website"},"datePublished":"2019-06-01T08:34:55+00:00","dateModified":"2020-02-12T14:52:24+00:00","breadcrumb":{"@id":"https:\/\/espoontaidelainaamo.fi\/en\/privacy-policy\/#breadcrumb"},"inLanguage":"en-US","potentialAction":[{"@type":"ReadAction","target":["https:\/\/espoontaidelainaamo.fi\/en\/privacy-policy\/"]}]},{"@type":"BreadcrumbList","@id":"https:\/\/espoontaidelainaamo.fi\/en\/privacy-policy\/#breadcrumb","itemListElement":[{"@type":"ListItem","position":1,"name":"Home","item":"https:\/\/espoontaidelainaamo.fi\/en\/"},{"@type":"ListItem","position":2,"name":"Privacy Policy"}]},{"@type":"WebSite","@id":"https:\/\/espoontaidelainaamo.fi\/#website","url":"https:\/\/espoontaidelainaamo.fi\/","name":"Espoon Taidelainaamo","description":"","potentialAction":[{"@type":"SearchAction","target":{"@type":"EntryPoint","urlTemplate":"https:\/\/espoontaidelainaamo.fi\/?s={search_term_string}"},"query-input":{"@type":"PropertyValueSpecification","valueRequired":true,"valueName":"search_term_string"}}],"inLanguage":"en-US"}]}},"_links":{"self":[{"href":"https:\/\/espoontaidelainaamo.fi\/en\/wp-json\/wp\/v2\/pages\/308","targetHints":{"allow":["GET"]}}],"collection":[{"href":"https:\/\/espoontaidelainaamo.fi\/en\/wp-json\/wp\/v2\/pages"}],"about":[{"href":"https:\/\/espoontaidelainaamo.fi\/en\/wp-json\/wp\/v2\/types\/page"}],"author":[{"embeddable":true,"href":"https:\/\/espoontaidelainaamo.fi\/en\/wp-json\/wp\/v2\/users\/2"}],"replies":[{"embeddable":true,"href":"https:\/\/espoontaidelainaamo.fi\/en\/wp-json\/wp\/v2\/comments?post=308"}],"version-history":[{"count":2,"href":"https:\/\/espoontaidelainaamo.fi\/en\/wp-json\/wp\/v2\/pages\/308\/revisions"}],"predecessor-version":[{"id":3114,"href":"https:\/\/espoontaidelainaamo.fi\/en\/wp-json\/wp\/v2\/pages\/308\/revisions\/3114"}],"wp:attachment":[{"href":"https:\/\/espoontaidelainaamo.fi\/en\/wp-json\/wp\/v2\/media?parent=308"}],"curies":[{"name":"wp","href":"https:\/\/api.w.org\/{rel}","templated":true}]}}